{"id":449,"date":"2018-09-29T07:21:42","date_gmt":"2018-09-29T11:21:42","guid":{"rendered":"https:\/\/cervifor.ca\/gioi-thieu-cong-ty\/"},"modified":"2024-08-10T15:52:50","modified_gmt":"2024-08-10T19:52:50","slug":"a-propos","status":"publish","type":"page","link":"https:\/\/cervifor.ca\/fr\/a-propos\/","title":{"rendered":"\u00c0 Propos"},"content":{"rendered":"<div class=\"row row-full-width\"  id=\"row-860552555\">\n\n\n\t<div id=\"col-1265106727\" class=\"col small-12 large-12\"  >\n\t\t\t\t<div class=\"col-inner\"  >\n\t\t\t\n\t\t\t\n\n  <div id=\"page-header-1626497949\" class=\"page-header-wrapper\">\n  <div class=\"page-title dark featured-title\">\n\n    \n    <div class=\"page-title-inner container align-center text-center flex-row-col medium-flex-wrap\" >\n              <div class=\"title-wrapper uppercase flex-col\">\n          <h1 class=\"entry-title mb-0\">\n            \u00c0 Propos          <\/h1>\n        <\/div>\n                    <div class=\"title-content flex-col\">\n        <div class=\"title-breadcrumbs pb-half pt-half\"><nav class=\"woocommerce-breadcrumb breadcrumbs uppercase\">Accueil<\/nav><\/div>      <\/div>\n    <\/div>\n\n       <\/div>\n    <\/div>\n  \n\n\n\t\t<\/div>\n\t\t\t\t\t<\/div>\n\n\t\n\n<\/div>\n\t<div id=\"gap-1880756579\" class=\"gap-element clearfix\" style=\"display:block; height:auto;\">\n\t\t\n<style>\n#gap-1880756579 {\n  padding-top: 30px;\n}\n<\/style>\n\t<\/div>\n\t\n\n<div class=\"row\"  id=\"row-169328742\">\n\n\n\t<div id=\"col-466049534\" class=\"col medium-8 large-8\"  >\n\t\t\t\t<div class=\"col-inner\"  >\n\t\t\t\n\t\t\t\n\n<div class=\"container section-title-container\" ><h2 class=\"section-title section-title-normal\"><b><\/b><span class=\"section-title-main\" >QU'EST-CE QUE LE BOIS DE VELOURS?<\/span><b><\/b><\/h2><\/div>\n\n<p style=\"text-align: justify;\">Le bois de velours est un suppl\u00e9ment alimentaire naturel, sous forme de capsule. Il provient des panaches du cerf rouge et du wapiti. Il tire son nom de la substance velout\u00e9e qui recouvre les bois au d\u00e9but de leur croissance. Il propose de nombreux bienfaits tel que :\u00a0<\/p>\n<p>&#8211; Augmentation de la condition physique g\u00e9n\u00e9rale<br \/>&#8211; Anti vieillissement<br \/>&#8211; Effets hypotensif et cardio-vasculaire<br \/>&#8211; Restauration des fonctions hormonales et immunitaires<br \/>&#8211; Anti-stress<br \/>&#8211; Anti-Arthrite et ost\u00e9oporose<br \/>&#8211; Stimulation de croissance chez les enfants<br \/>&#8211; Aide \u00e0 la vitalit\u00e9 et \u00e0 la sant\u00e9 autant aux niveaux: sanguin, musculaire, articulaire et hormonal.<\/p>\n<p>Pour obtenir un effet optimal, il devra \u00eatre consomm\u00e9 pendant 1 \u00e0 3 mois.<\/p>\n\n\t\t<\/div>\n\t\t\t\t\t<\/div>\n\n\t\n\n\t<div id=\"col-2081619171\" class=\"col medium-4 large-4\"  >\n\t\t\t\t<div class=\"col-inner\"  >\n\t\t\t\n\t\t\t\n\n<div class=\"container section-title-container\" ><h2 class=\"section-title section-title-normal\"><b><\/b><span class=\"section-title-main\" >BUREAU AFFILI\u00c9<\/span><b><\/b><\/h2><\/div>\n\n\t<div class=\"img has-hover x md-x lg-x y md-y lg-y\" id=\"image_1497854224\">\n\t\t\t\t\t\t\t\t<div class=\"img-inner dark\" >\n\t\t\t<img loading=\"lazy\" decoding=\"async\" width=\"300\" height=\"174\" src=\"https:\/\/cervifor.ca\/wp-content\/uploads\/2021\/03\/logo_2-300x174.jpg\" class=\"attachment-medium size-medium\" alt=\"\" srcset=\"https:\/\/cervifor.ca\/wp-content\/uploads\/2021\/03\/logo_2-300x174.jpg 300w, https:\/\/cervifor.ca\/wp-content\/uploads\/2021\/03\/logo_2-768x447.jpg 768w, https:\/\/cervifor.ca\/wp-content\/uploads\/2021\/03\/logo_2-510x297.jpg 510w, https:\/\/cervifor.ca\/wp-content\/uploads\/2021\/03\/logo_2.jpg 1013w\" sizes=\"auto, (max-width: 300px) 100vw, 300px\" \/>\t\t\t\t\t\t\n\t\t\t\t\t<\/div>\n\t\t\t\t\t\t\t\t\n<style>\n#image_1497854224 {\n  width: 65%;\n}\n<\/style>\n\t<\/div>\n\t\n\n<p><strong><span style=\"font-size: 130%; color: #e14d43;\">Mme JULIE XUAN HUYNH<\/span><\/strong><br \/>(Parle Fran\u00e7ais &#8211; Anglais &#8211; Vietnamien)<br \/><span style=\"font-size: 130%; color: #e14d43;\"><strong>M. ROGER ROY<\/strong><\/span><br \/>(Parle Fran\u00e7ais &#8211; Anglais)<br \/>2412 Rue Saint-\u00c9mile<br \/>Montr\u00e9al, Qu\u00e9bec H1L 5M9<br \/>Canada<br \/>Phone: <span style=\"font-size: 120%; color: #000000;\"><b class=\"my-bold-text\">514-355-7194<\/b><\/span><br \/>Email: <span style=\"color: #000000;\"><b class=\"my-bold-text\">cervifor@yahoo.ca<\/b><\/span><br \/>Website: <span style=\"color: #000000;\"><strong><a style=\"color: #000000;\" href=\"https:\/\/cervifor.ca\">www.cervifor.ca<\/a><\/strong><\/span><\/p>\n<p><strong><span style=\"font-size: 130%; color: #e14d43;\">HEURES DE TRAVAIL<\/span><\/strong><br \/><span style=\"color: #000000;\"><strong>7 Jours par Semaine: Lundi jusqu&rsquo;\u00e0 Dimanche<\/strong><\/span><br \/><span style=\"color: #000000;\"><strong>De 9 am \/ matin jusqu&rsquo;\u00e0 18 pm \/ soir<\/strong><\/span><\/p>\n\n\t\t<\/div>\n\t\t\t\t\n<style>\n#col-2081619171 > .col-inner {\n  padding: 0px 0px 0px 20px;\n}\n<\/style>\n\t<\/div>\n\n\t\n\n<\/div>\n\t<section class=\"section\" id=\"section_2062348180\">\n\t\t<div class=\"bg section-bg fill bg-fill  bg-loaded\" >\n\n\t\t\t\n\t\t\t\n\t\t\t\n\n\t\t<\/div>\n\n\t\t\n\n\t\t<div class=\"section-content relative\">\n\t\t\t\n\n<div class=\"row\"  id=\"row-771596039\">\n\n\n\t<div id=\"col-958140795\" class=\"col small-12 large-12\"  >\n\t\t\t\t<div class=\"col-inner\"  >\n\t\t\t\n\t\t\t\n\n\n\n\t\t<\/div>\n\t\t\t\t\t<\/div>\n\n\t\n\n<\/div>\n\n\t\t<\/div>\n\n\t\t\n<style>\n#section_2062348180 {\n  padding-top: 30px;\n  padding-bottom: 30px;\n}\n<\/style>\n\t<\/section>\n\t","protected":false},"excerpt":{"rendered":"\u00c0 Propos Accueil QU'EST-CE QUE LE BOIS DE VELOURS? Le bois de velours est un suppl\u00e9ment alimentaire naturel, sous forme de capsule. Il provient des panaches du cerf rouge et du wapiti. Il tire son nom de la substance velout\u00e9e qui recouvre les bois au d\u00e9but de leur croissance. Il propose de nombreux bienfaits tel [...]","protected":false},"author":1,"featured_media":0,"parent":0,"menu_order":0,"comment_status":"closed","ping_status":"closed","template":"page-blank.php","meta":{"footnotes":""},"class_list":["post-449","page","type-page","status-publish","hentry"],"yoast_head":"<!-- This site is optimized with the Yoast SEO plugin v26.9 - https:\/\/yoast.com\/product\/yoast-seo-wordpress\/ -->\n<title>\u00c0 Propos | Cervifor<\/title>\n<meta name=\"robots\" content=\"index, follow, max-snippet:-1, max-image-preview:large, max-video-preview:-1\" \/>\n<link rel=\"canonical\" href=\"https:\/\/cervifor.ca\/fr\/a-propos\/\" \/>\n<meta property=\"og:locale\" content=\"fr_FR\" \/>\n<meta property=\"og:type\" content=\"article\" \/>\n<meta property=\"og:title\" content=\"\u00c0 Propos | Cervifor\" \/>\n<meta property=\"og:url\" content=\"https:\/\/cervifor.ca\/fr\/a-propos\/\" \/>\n<meta property=\"og:site_name\" content=\"Cervifor\" \/>\n<meta property=\"article:modified_time\" content=\"2024-08-10T19:52:50+00:00\" \/>\n<meta name=\"twitter:card\" content=\"summary_large_image\" \/>\n<meta name=\"twitter:label1\" content=\"Dur\u00e9e de lecture estim\u00e9e\" \/>\n\t<meta name=\"twitter:data1\" content=\"2 minutes\" \/>\n<script type=\"application\/ld+json\" class=\"yoast-schema-graph\">{\"@context\":\"https:\/\/schema.org\",\"@graph\":[{\"@type\":\"WebPage\",\"@id\":\"https:\/\/cervifor.ca\/fr\/a-propos\/\",\"url\":\"https:\/\/cervifor.ca\/fr\/a-propos\/\",\"name\":\"\u00c0 Propos | Cervifor\",\"isPartOf\":{\"@id\":\"https:\/\/cervifor.ca\/#website\"},\"datePublished\":\"2018-09-29T11:21:42+00:00\",\"dateModified\":\"2024-08-10T19:52:50+00:00\",\"breadcrumb\":{\"@id\":\"https:\/\/cervifor.ca\/fr\/a-propos\/#breadcrumb\"},\"inLanguage\":\"fr-FR\",\"potentialAction\":[{\"@type\":\"ReadAction\",\"target\":[\"https:\/\/cervifor.ca\/fr\/a-propos\/\"]}]},{\"@type\":\"BreadcrumbList\",\"@id\":\"https:\/\/cervifor.ca\/fr\/a-propos\/#breadcrumb\",\"itemListElement\":[{\"@type\":\"ListItem\",\"position\":1,\"name\":\"Home\",\"item\":\"https:\/\/cervifor.ca\/fr\/\"},{\"@type\":\"ListItem\",\"position\":2,\"name\":\"\u00c0 Propos\"}]},{\"@type\":\"WebSite\",\"@id\":\"https:\/\/cervifor.ca\/#website\",\"url\":\"https:\/\/cervifor.ca\/\",\"name\":\"Cervifor\",\"description\":\"L\u1ed9c Nhung H\u01b0\u01a1u 100% Nguy\u00ean Ch\u1ea5t - S\u1ea3n Ph\u1ea9m Canada\",\"potentialAction\":[{\"@type\":\"SearchAction\",\"target\":{\"@type\":\"EntryPoint\",\"urlTemplate\":\"https:\/\/cervifor.ca\/?s={search_term_string}\"},\"query-input\":{\"@type\":\"PropertyValueSpecification\",\"valueRequired\":true,\"valueName\":\"search_term_string\"}}],\"inLanguage\":\"fr-FR\"}]}<\/script>\n<!-- \/ Yoast SEO plugin. -->","yoast_head_json":{"title":"\u00c0 Propos | Cervifor","robots":{"index":"index","follow":"follow","max-snippet":"max-snippet:-1","max-image-preview":"max-image-preview:large","max-video-preview":"max-video-preview:-1"},"canonical":"https:\/\/cervifor.ca\/fr\/a-propos\/","og_locale":"fr_FR","og_type":"article","og_title":"\u00c0 Propos | Cervifor","og_url":"https:\/\/cervifor.ca\/fr\/a-propos\/","og_site_name":"Cervifor","article_modified_time":"2024-08-10T19:52:50+00:00","twitter_card":"summary_large_image","twitter_misc":{"Dur\u00e9e de lecture estim\u00e9e":"2 minutes"},"schema":{"@context":"https:\/\/schema.org","@graph":[{"@type":"WebPage","@id":"https:\/\/cervifor.ca\/fr\/a-propos\/","url":"https:\/\/cervifor.ca\/fr\/a-propos\/","name":"\u00c0 Propos | Cervifor","isPartOf":{"@id":"https:\/\/cervifor.ca\/#website"},"datePublished":"2018-09-29T11:21:42+00:00","dateModified":"2024-08-10T19:52:50+00:00","breadcrumb":{"@id":"https:\/\/cervifor.ca\/fr\/a-propos\/#breadcrumb"},"inLanguage":"fr-FR","potentialAction":[{"@type":"ReadAction","target":["https:\/\/cervifor.ca\/fr\/a-propos\/"]}]},{"@type":"BreadcrumbList","@id":"https:\/\/cervifor.ca\/fr\/a-propos\/#breadcrumb","itemListElement":[{"@type":"ListItem","position":1,"name":"Home","item":"https:\/\/cervifor.ca\/fr\/"},{"@type":"ListItem","position":2,"name":"\u00c0 Propos"}]},{"@type":"WebSite","@id":"https:\/\/cervifor.ca\/#website","url":"https:\/\/cervifor.ca\/","name":"Cervifor","description":"L\u1ed9c Nhung H\u01b0\u01a1u 100% Nguy\u00ean Ch\u1ea5t - S\u1ea3n Ph\u1ea9m Canada","potentialAction":[{"@type":"SearchAction","target":{"@type":"EntryPoint","urlTemplate":"https:\/\/cervifor.ca\/?s={search_term_string}"},"query-input":{"@type":"PropertyValueSpecification","valueRequired":true,"valueName":"search_term_string"}}],"inLanguage":"fr-FR"}]}},"_links":{"self":[{"href":"https:\/\/cervifor.ca\/fr\/wp-json\/wp\/v2\/pages\/449","targetHints":{"allow":["GET"]}}],"collection":[{"href":"https:\/\/cervifor.ca\/fr\/wp-json\/wp\/v2\/pages"}],"about":[{"href":"https:\/\/cervifor.ca\/fr\/wp-json\/wp\/v2\/types\/page"}],"author":[{"embeddable":true,"href":"https:\/\/cervifor.ca\/fr\/wp-json\/wp\/v2\/users\/1"}],"replies":[{"embeddable":true,"href":"https:\/\/cervifor.ca\/fr\/wp-json\/wp\/v2\/comments?post=449"}],"version-history":[{"count":5,"href":"https:\/\/cervifor.ca\/fr\/wp-json\/wp\/v2\/pages\/449\/revisions"}],"predecessor-version":[{"id":2144,"href":"https:\/\/cervifor.ca\/fr\/wp-json\/wp\/v2\/pages\/449\/revisions\/2144"}],"wp:attachment":[{"href":"https:\/\/cervifor.ca\/fr\/wp-json\/wp\/v2\/media?parent=449"}],"curies":[{"name":"wp","href":"https:\/\/api.w.org\/{rel}","templated":true}]}}