{"id":451,"date":"2018-09-29T07:50:57","date_gmt":"2018-09-29T11:50:57","guid":{"rendered":"https:\/\/cervifor.ca\/gioi-thieu-san-pham-loc-nhung-huou\/"},"modified":"2021-04-29T16:30:33","modified_gmt":"2021-04-29T20:30:33","slug":"avantages","status":"publish","type":"page","link":"https:\/\/cervifor.ca\/fr\/avantages\/","title":{"rendered":"Avantages"},"content":{"rendered":"<div class=\"row row-full-width\"  id=\"row-845203582\">\n\n\n\t<div id=\"col-1256561749\" class=\"col small-12 large-12\"  >\n\t\t\t\t<div class=\"col-inner\"  >\n\t\t\t\n\t\t\t\n\n\t<div class=\"img has-hover x md-x lg-x y md-y lg-y\" id=\"image_2042475784\">\n\t\t\t\t\t\t\t\t<div class=\"img-inner dark\" >\n\t\t\t<img loading=\"lazy\" decoding=\"async\" width=\"2560\" height=\"732\" src=\"https:\/\/cervifor.ca\/wp-content\/uploads\/2021\/04\/banner-4-fr-3.jpg\" class=\"attachment-original size-original\" alt=\"\" srcset=\"https:\/\/cervifor.ca\/wp-content\/uploads\/2021\/04\/banner-4-fr-3.jpg 2560w, https:\/\/cervifor.ca\/wp-content\/uploads\/2021\/04\/banner-4-fr-3-300x86.jpg 300w, https:\/\/cervifor.ca\/wp-content\/uploads\/2021\/04\/banner-4-fr-3-1024x293.jpg 1024w, https:\/\/cervifor.ca\/wp-content\/uploads\/2021\/04\/banner-4-fr-3-768x220.jpg 768w, https:\/\/cervifor.ca\/wp-content\/uploads\/2021\/04\/banner-4-fr-3-1536x439.jpg 1536w, https:\/\/cervifor.ca\/wp-content\/uploads\/2021\/04\/banner-4-fr-3-2048x586.jpg 2048w, https:\/\/cervifor.ca\/wp-content\/uploads\/2021\/04\/banner-4-fr-3-510x146.jpg 510w, https:\/\/cervifor.ca\/wp-content\/uploads\/2021\/04\/banner-4-fr-3-190x54.jpg 190w, https:\/\/cervifor.ca\/wp-content\/uploads\/2021\/04\/banner-4-fr-3-315x90.jpg 315w\" sizes=\"auto, (max-width: 2560px) 100vw, 2560px\" \/>\t\t\t\t\t\t\n\t\t\t\t\t<\/div>\n\t\t\t\t\t\t\t\t\n<style>\n#image_2042475784 {\n  width: 100%;\n}\n<\/style>\n\t<\/div>\n\t\n\n\n\t\t<\/div>\n\t\t\t\t\t<\/div>\n\n\t\n\n<\/div>\n\t<section class=\"section\" id=\"section_723996633\">\n\t\t<div class=\"bg section-bg fill bg-fill  bg-loaded\" >\n\n\t\t\t\n\t\t\t\n\t\t\t\n\n\t\t<\/div>\n\n\t\t\n\n\t\t<div class=\"section-content relative\">\n\t\t\t\n\n<div class=\"row row-divided\"  id=\"row-15017333\">\n\n\n\t<div id=\"col-981581753\" class=\"col medium-8 small-12 large-8\"  >\n\t\t\t\t<div class=\"col-inner\"  >\n\t\t\t\n\t\t\t\n\n\t<div id=\"text-3610752756\" class=\"text text-align-justify\">\n\t\t\n\n<p style=\"text-align: left;\"><span style=\"color: #000000;\"><strong><span style=\"font-size: 170%;\">CERVIFOR<\/span><br \/><span style=\"font-size: 140%;\">Bois de Velours de CANADA CHANGMIN NUTRACEUTICS LTD.<\/span><\/strong><\/span><\/p>\n<h2><strong>A- Notre PRODUIT<\/strong><\/h2>\n<div>CERVIFOR est un Produit de Sant\u00e9, 100% pur et naturel du Canada. Approuv\u00e9 par le Minist\u00e8re de la\u00a0 Sant\u00e9 du Canada avec NPN 80018546.\u00a0<\/div>\n<div>\u00a0<\/div>\n<div>Les poudres de Bois de velours sont 100% pures\u00a0 et naturelles , provenues exclusivement des fermes d&rsquo;\u00e9levage, membres de l&rsquo;A.E.C.Q (Association des \u00e9leveurs des Cervid\u00e9s du Qu\u00e9bec) qui\u00a0 ont un strict contr\u00f4le sur la sant\u00e9 des Cerfs, sur la qualit\u00e9 des bois coup\u00e9s.<\/div>\n<div>\u00a0<\/div>\n<div>Le Bois de velours est \u00e9galement nomm\u00e9 bois du cerf, velours de cerf. Il est important de savoir que le Bois du Cerf recommence \u00e0 pousser lors de chaque Printemps et que la croissance des cornes s&rsquo;effectue tr\u00e8s rapidement.<\/div>\n<div>\u00a0<\/div>\n<div>La Technologie moderne d\u00e9velopp\u00e9e par la Compagnie CCN pour le s\u00e9chage \u00e0 froid, la pasteurisation et la mise en poudre des bois de velours, assure que CERVIFOR a \u00e9t\u00e9 utilis\u00e9 pour promouvoir la sant\u00e9 humaine.<\/div>\n<div>\u00a0<\/div>\n<div>Notre produit est offert en boite de 60 capsules de 280mg de bois de cerfs rouges,100% pur.<\/div>\n<div>\u00a0<\/div>\n<div>Consommation sugg\u00e9r\u00e9e :<\/div>\n<div>\u00a0<\/div>\n<div>Adultes : 1 \u00e0 2 capsules par jour.<\/div>\n<div>\u00a0<\/div>\n<h2 style=\"text-align: left;\"><strong>B- QUELLES SONT LES QUALIT\u00c9S ET LES VERTUS\u00a0 DU BOIS DE VELOURS ?<\/strong><\/h2>\n<h3><strong>I) LES\u00a0 VERTUS DU BOIS\u00a0 de VELOURS<\/strong><\/h3>\n<div>L&rsquo;utilisation des Bois de velours remonte plus de 2000 ans en Asie. Les bienfaits du Bois de Velours sont tr\u00e8s connus\u00a0 dans le domaine de la m\u00e9decine douce en Asie, surtout en Chine. Ils sont consid\u00e9r\u00e9s comme le meilleur m\u00e9dicament naturel pour la restauration de la force physique g\u00e9n\u00e9rale.<\/div>\n<div>\u00a0<\/div>\n<div>Dans les pays Asiatiques, en Cor\u00e9e et en Chine, les bois de velours sont utilis\u00e9s dans les h\u00f4pitaux pour diminuer l&rsquo;an\u00e9mie, stimuler les syst\u00e8me immunitaire, traiter l&rsquo;infertilit\u00e9 et l&rsquo;impuissance, r\u00e9gulariser la circulation sanguine, restaurer la fonction nerveuse, traiter l&rsquo;arthrite, traiter l&rsquo;ost\u00e9oporose, et traiter aussi le retard de croissance chez les enfants.<\/div>\n<div>\u00a0<\/div>\n<div>Aujourd&rsquo;hui, \u00e0 notre \u00e9poque, les Nords Americains et Canadiens ont adopt\u00e9 les Bois de Velours comme un suppl\u00e9ment nutritionnel, un agent m\u00e9dicinal r\u00e9parateur.<\/div>\n<div>\u00a0<\/div>\n<div>\u00c0 travers les \u00c9tudes scientifiques men\u00e9es de notre \u00e9poque, ont trouv\u00e9 des preuves concluantes que les Cerfs du Canada sont reconnus pour produire le Bois de velours de la qualit\u00e9 sup\u00e9rieure gr\u00e2ce au climat nordique froid dans lequel qu&rsquo;ils sont \u00e9lev\u00e9s.<\/div>\n<div>\u00a0<\/div>\n<ul>\n<li>Au Canada, apr\u00e8s les \u00e9tudes des 2 Professeurs, Mr Jeong S.SIM et Mr Hoon H.SUNWOO, docteurs en nutrition et en technologie des produits du d\u00e9partement des sciences, de l&rsquo;agriculture de l&rsquo;alimentation et de la nutrition de l&rsquo;Universit\u00e9 de l&rsquo;Alberta ont mentionn\u00e9.<\/li>\n<\/ul>\n<div>\u00a0<\/div>\n<ul>\n<li>En Cor\u00e9e, les Bois de Velours sont consider\u00e9s comme un ingr\u00e9dient essentiel de la pharmacop\u00e9e et sont utilis\u00e9s tant en pr\u00e9vention qu&rsquo;en traitement.<\/li>\n<\/ul>\n<div>On estime que les bois de velours augmentent le m\u00e9tabolisme g\u00e9n\u00e9ral, reg\u00e9n\u00e8rent les fonctions\u00a0 les tissus endommag\u00e9s (en acc\u00e9lerant la gu\u00e8rison des blessures; favorisent les fonctions immunitaires); anti-inflammatoires, anti-arthritiques, anti-stress; ralentit le processus du vieillissement.<\/div>\n<div>\u00a0<\/div>\n<ul>\n<li>En Chine, les m\u00e9decins chinois traditionnels administraient les Bois de velours aux personnes souffrant des maladies pulmonaires, surm\u00e9nag\u00e9s, traumatismes, arthritiques, impuissances de furonculoses, ainsi que pour soigner des douleurs pr\u00e9menstruelles et arthritiques.<\/li>\n<\/ul>\n<div>\u00a0<\/div>\n<div>La recherche sur les effets des bois de velours sur la sant\u00e9 a commenc\u00e9 dans les ann\u00e9es 1930. Il y a plus de 250 articles scientifiques publi\u00e9s dans le monde entier qui d\u00e9crivent la composition, les effets biochimiques et les m\u00e9thodes de fabrication des bois de velours. Certains effets th\u00e9rapeutiques des bois de velours sont prouv\u00e9s, et les recherches scientifiques se multiplient depuis des derni\u00e8res ann\u00e9es.<\/div>\n<div>\u00a0<\/div>\n<h3><strong>II ) D\u00e9taillons l&rsquo;ensemble des BIENFAITS DU BOIS DE VELOURS ont contribu\u00e9:<\/strong><\/h3>\n<ul>\n<li>Il aide votre organisme \u00e0 retrouver de l&rsquo;\u00e9nergie et du tonus.\u00a0<\/li>\n<li>Il aide \u00e0 renforcer le syst\u00e8me immunitaire. Il diminue la fatigue. Il est efficace dans le cas des arthrites et des arthroses. Il soulage aussi les douleurs rencontr\u00e9es comme l&rsquo;arthrite rhumato\u00efde.<\/li>\n<li>Il nous aide en pr\u00e9vention pour lutter contre les maladies hivernales (le rhume et la grippe).<\/li>\n<li>Il permet de pr\u00e9venir les effets de la vieillesse comme l&rsquo;ost\u00e9oporose.<\/li>\n<li>Il lutte contre la migraine.<\/li>\n<li>Il diminue la fatigue. Aide \u00e0 \u00e9liminer les toxines de l&rsquo;organisme. C&rsquo;est un antioxydant naturel.<\/li>\n<li>Il aiderait \u00e0 lutter contre les troubles de sommeil, \u00e0 combattre l&rsquo;insomnie.<\/li>\n<li>Il r\u00e9gule le syst\u00e8me hormonal avec une action bienfaisante sur le syndrome pr\u00e9menstruel de la femme.<\/li>\n<li>Il a une action sur le syst\u00e8me nerveux. Il stimule les capacit\u00e9s intellectuelles. Il a un effet positif sur la concentration et sur la m\u00e9morisation. Il agit \u00e9galement contre le Stress.<\/li>\n<li>Il augmente les performances physiques. Les sportifs l&rsquo;utilisent couramment. Accroitre notre \u00e9nergie physique et mentale.<\/li>\n<li>Il agit sur la croissance g\u00e9n\u00e9rale. Il lutterait contre le retard de croissance chez les Enfants.<\/li>\n<li>Il agit sur la performance sexuelle. Il lutterait contre l&rsquo;infertilit\u00e9 et l&rsquo;impuissance masculine. R\u00e9duit les crampes, les effets ind\u00e9sirables aux femmes en m\u00e9nopause et aux hommes de l&rsquo;andropause.<\/li>\n<li>Il aide \u00e0 diminuer l&rsquo;hypertension sanguine.<\/li>\n<\/ul>\n<div>Dans l&rsquo;ensemble, on voit maintenant,une nouvelle orientation vers le march\u00e9 de neutraceutiques dans les Pays Occidentaux par la m\u00e9decine moderne.<\/div>\n<div>\u00a0 \u00a0 \u00a0 \u00a0<\/div>\n<div>Nos produits CERVIFOR sont appreci\u00e9s partout , aupr\u00e8s de nos clients\/es (au Canada, aux \u00c9tats-Unis, en Europe, en Asie) par sa qualit\u00e9 et \u00e9taient un bon suppl\u00e9ment alimentaire naturel, un antioxydant naturel employ\u00e9 comme un tonique pour maintenir une bonne sant\u00e9 et pour renforcer l&rsquo;organisme des affaiblies.<\/div>\n<div>\u00a0<\/div>\n<h3><strong>III) LES EFFETS du BOIS DE VELOURS<\/strong><\/h3>\n<div>Les BOIS de VELOURS contiennent des multiples \u00e9l\u00e9ments, retrouv\u00e9s des Cerfs :<\/div>\n<div>\u00a0<\/div>\n<div>&#8211; des Acides amines &#8211; des Om\u00e9gas 3 et 6 &#8211; des Phospholipides &#8211; de Sulfate de la Glucosamine &#8211; des Prot\u00e9ines &#8211; du Collag\u00e8ne de haute qualit\u00e9 &#8211; des Min\u00e9raux &#8211; des Prostaglandines &#8211; des Nucl\u00e9otides &#8211; des Gangliosides- des Facteurs de croissance &#8211; de la Pantocrine.<\/div>\n<div>\u00a0<\/div>\n<div>Toutes ces substances existent naturellement dans les bois de Velours. Ils aident \u00e0 normaliser plusieurs fonctions de notre corps.<\/div>\n<div>\u00a0\u00a0<\/div>\n<div>Bref, les effets th\u00e9rapeutiques des bois de velours sont loin d&rsquo;\u00eatre tous mentionn\u00e9s. Les recherches ont prouv\u00e9 les bienfaits sur le syst\u00e8me cardio-vasculaire.\u00a0<\/div>\n<div>\u00a0 \u00a0<\/div>\n<div>Cependant le Bois de velours s&rsquo;adresse aux personnes qui veulent garder une bonne condition physique, diminuer le risque de vieillissement pr\u00e9mature, aux femmes en m\u00e9nopause, aux hommes en andropause et aux athl\u00e8tes. Il abaisse le taux de cholest\u00e9rol. Il aide \u00e0 contr\u00f4ler le diab\u00e8te.<\/div>\n<div>\u00a0<\/div>\n<div>CERVIFOR, gr\u00e2ce \u00e0 la synergie de ses ingr\u00e9dients actifs, contribuent \u00e0 redonner \u00e0 l&rsquo;organisme humaine de l&rsquo;\u00e9nergie n\u00e9cessaire.<\/div>\n<div>\u00a0<\/div>\n<div>L&rsquo;ADOPTEZ-VOUS !! ce bon suppl\u00e9ment\u00a0 et un produit 100% pur et naturel, pr\u00e9par\u00e9 avec soin par la CCN &#8211; Compagnie Canada Changmin Nutraceutiques Ltd&#8230; qui\u00a0 favorise pour notre sant\u00e9, riche en calcium et en phosphates, ce qui favorise la gu\u00e9rison des os et des tissus&#8230; qui doit \u00eatre consomm\u00e9 pendant quelques mois afin d&rsquo;obtenir l&rsquo;effet optimal.<\/div>\n<div>\u00a0<\/div>\n<div>Boite de 60 Capsules (60 caps X 280mg)<\/div>\n<div>\u00a0<\/div>\n<div>Chaque capsule contient 280mg de bois de velours pur, lyophilis\u00e9e des Cerfs rouges du Canada.<\/div>\n<div>\u00a0<\/div>\n<div>Consommation sugg\u00e9r\u00e9e : 2 capsules\/jour ( 2 caps X 280mg)<\/div>\n<div>\u00a0<\/div>\n<div>Pour obtenir un effet optimal, il est pr\u00e9f\u00e9rable de les consommer quotidiennement sur une p\u00e9riode d&rsquo;au moins 1 \u00e0 3 mois.<\/div>\n<div>\u00a0<\/div>\n<h3><strong>CONTACTEZ-NOUS&#8230; BONNE SANT\u00c9\u00a0 \u00e0 VOUS.<\/strong><\/h3>\n<h3><strong>PROT\u00c9GEONS NOTRE SANT\u00c9 contre le COVID-19.<\/strong><\/h3>\n\t\t\t<\/div>\n\t\n\n\t\t<\/div>\n\t\t\t\t\t<\/div>\n\n\t\n\n\t<div id=\"col-1242426916\" class=\"col medium-4 small-12 large-4\"  >\n\t\t\t\t<div class=\"col-inner\"  >\n\t\t\t\n\t\t\t\n\n<div class=\"container section-title-container\" ><h2 class=\"section-title section-title-normal\"><b><\/b><span class=\"section-title-main\" >BUREAU AFFILI\u00c9<\/span><b><\/b><\/h2><\/div>\n\n\t<div class=\"img has-hover x md-x lg-x y md-y lg-y\" id=\"image_1861206886\">\n\t\t\t\t\t\t\t\t<div class=\"img-inner dark\" >\n\t\t\t<img loading=\"lazy\" decoding=\"async\" width=\"1013\" height=\"589\" src=\"https:\/\/cervifor.ca\/wp-content\/uploads\/2021\/04\/logo-1.jpg\" class=\"attachment-large size-large\" alt=\"\" srcset=\"https:\/\/cervifor.ca\/wp-content\/uploads\/2021\/04\/logo-1.jpg 1013w, https:\/\/cervifor.ca\/wp-content\/uploads\/2021\/04\/logo-1-300x174.jpg 300w, https:\/\/cervifor.ca\/wp-content\/uploads\/2021\/04\/logo-1-768x447.jpg 768w, https:\/\/cervifor.ca\/wp-content\/uploads\/2021\/04\/logo-1-510x297.jpg 510w, https:\/\/cervifor.ca\/wp-content\/uploads\/2021\/04\/logo-1-103x60.jpg 103w, https:\/\/cervifor.ca\/wp-content\/uploads\/2021\/04\/logo-1-155x90.jpg 155w\" sizes=\"auto, (max-width: 1013px) 100vw, 1013px\" \/>\t\t\t\t\t\t\n\t\t\t\t\t<\/div>\n\t\t\t\t\t\t\t\t\n<style>\n#image_1861206886 {\n  width: 65%;\n}\n<\/style>\n\t<\/div>\n\t\n\n<p><strong><span style=\"font-size: 130%; color: #e14d43;\">Mme\u00a0JULIE XUAN HUYNH<\/span><\/strong><br \/>(Parle Fran\u00e7ais &#8211; Anglais &#8211; Vietnamien)<br \/><span style=\"font-size: 130%; color: #e14d43;\"><strong>M. ROGER ROY<\/strong><\/span><br \/>(Parle Fran\u00e7ais &#8211; Anglais)<br \/>2412 Rue Saint-\u00c9mile<br \/>Montr\u00e9al, Qu\u00e9bec H1L 5M9<br \/>Canada<br \/>Phone: <span style=\"font-size: 120%; color: #000000;\"><b class=\"my-bold-text\">514-355-7194<\/b><\/span><br \/>Email: <span style=\"color: #000000;\"><b class=\"my-bold-text\">cervifor@yahoo.ca<\/b><\/span><br \/>Website: <span style=\"color: #000000;\"><strong>www.cervifor.ca<\/strong><\/span><\/p>\n<p><strong><span style=\"font-size: 130%; color: #e14d43;\">HEURES DE TRAVAIL<\/span><\/strong><br \/><span style=\"color: #000000;\"><strong>7 Jours par Semaine: Lundi jusqu&rsquo;\u00e0 Dimanche<\/strong><\/span><br \/><span style=\"color: #000000;\"><strong>De 9 am \/ matin jusqu&rsquo;\u00e0 18 pm \/ soir<\/strong><\/span><\/p>\n\n\t\t<\/div>\n\t\t\t\t\t<\/div>\n\n\t\n\n<\/div>\n\n\t\t<\/div>\n\n\t\t\n<style>\n#section_723996633 {\n  padding-top: 30px;\n  padding-bottom: 30px;\n}\n<\/style>\n\t<\/section>\n\t","protected":false},"excerpt":{"rendered":"CERVIFORBois de Velours de CANADA CHANGMIN NUTRACEUTICS LTD. A- Notre PRODUIT CERVIFOR est un Produit de Sant\u00e9, 100% pur et naturel du Canada. Approuv\u00e9 par le Minist\u00e8re de la\u00a0 Sant\u00e9 du Canada avec NPN 80018546.\u00a0 \u00a0 Les poudres de Bois de velours sont 100% pures\u00a0 et naturelles , provenues exclusivement des fermes d'\u00e9levage, membres de [...]","protected":false},"author":1,"featured_media":0,"parent":0,"menu_order":0,"comment_status":"closed","ping_status":"closed","template":"page-blank.php","meta":{"footnotes":""},"class_list":["post-451","page","type-page","status-publish","hentry"],"yoast_head":"<!-- This site is optimized with the Yoast SEO plugin v26.9 - https:\/\/yoast.com\/product\/yoast-seo-wordpress\/ -->\n<title>Avantages | Cervifor<\/title>\n<meta name=\"robots\" content=\"index, follow, max-snippet:-1, max-image-preview:large, max-video-preview:-1\" \/>\n<link rel=\"canonical\" href=\"https:\/\/cervifor.ca\/tac-dung-cua-loc-nhung-huou\/\" \/>\n<meta property=\"og:locale\" content=\"fr_FR\" \/>\n<meta property=\"og:type\" content=\"article\" \/>\n<meta property=\"og:title\" content=\"Avantages | Cervifor\" \/>\n<meta property=\"og:url\" content=\"https:\/\/cervifor.ca\/tac-dung-cua-loc-nhung-huou\/\" \/>\n<meta property=\"og:site_name\" content=\"Cervifor\" \/>\n<meta property=\"article:modified_time\" content=\"2021-04-29T20:30:33+00:00\" \/>\n<meta name=\"twitter:card\" content=\"summary_large_image\" \/>\n<meta name=\"twitter:label1\" content=\"Dur\u00e9e de lecture estim\u00e9e\" \/>\n\t<meta name=\"twitter:data1\" content=\"7 minutes\" \/>\n<script type=\"application\/ld+json\" class=\"yoast-schema-graph\">{\"@context\":\"https:\/\/schema.org\",\"@graph\":[{\"@type\":\"WebPage\",\"@id\":\"https:\/\/cervifor.ca\/tac-dung-cua-loc-nhung-huou\/\",\"url\":\"https:\/\/cervifor.ca\/tac-dung-cua-loc-nhung-huou\/\",\"name\":\"Avantages | Cervifor\",\"isPartOf\":{\"@id\":\"https:\/\/cervifor.ca\/#website\"},\"datePublished\":\"2018-09-29T11:50:57+00:00\",\"dateModified\":\"2021-04-29T20:30:33+00:00\",\"breadcrumb\":{\"@id\":\"https:\/\/cervifor.ca\/tac-dung-cua-loc-nhung-huou\/#breadcrumb\"},\"inLanguage\":\"fr-FR\",\"potentialAction\":[{\"@type\":\"ReadAction\",\"target\":[\"https:\/\/cervifor.ca\/tac-dung-cua-loc-nhung-huou\/\"]}]},{\"@type\":\"BreadcrumbList\",\"@id\":\"https:\/\/cervifor.ca\/tac-dung-cua-loc-nhung-huou\/#breadcrumb\",\"itemListElement\":[{\"@type\":\"ListItem\",\"position\":1,\"name\":\"Home\",\"item\":\"https:\/\/cervifor.ca\/fr\/\"},{\"@type\":\"ListItem\",\"position\":2,\"name\":\"Avantages\"}]},{\"@type\":\"WebSite\",\"@id\":\"https:\/\/cervifor.ca\/#website\",\"url\":\"https:\/\/cervifor.ca\/\",\"name\":\"Cervifor\",\"description\":\"L\u1ed9c Nhung H\u01b0\u01a1u 100% Nguy\u00ean Ch\u1ea5t - S\u1ea3n Ph\u1ea9m Canada\",\"potentialAction\":[{\"@type\":\"SearchAction\",\"target\":{\"@type\":\"EntryPoint\",\"urlTemplate\":\"https:\/\/cervifor.ca\/?s={search_term_string}\"},\"query-input\":{\"@type\":\"PropertyValueSpecification\",\"valueRequired\":true,\"valueName\":\"search_term_string\"}}],\"inLanguage\":\"fr-FR\"}]}<\/script>\n<!-- \/ Yoast SEO plugin. -->","yoast_head_json":{"title":"Avantages | Cervifor","robots":{"index":"index","follow":"follow","max-snippet":"max-snippet:-1","max-image-preview":"max-image-preview:large","max-video-preview":"max-video-preview:-1"},"canonical":"https:\/\/cervifor.ca\/tac-dung-cua-loc-nhung-huou\/","og_locale":"fr_FR","og_type":"article","og_title":"Avantages | Cervifor","og_url":"https:\/\/cervifor.ca\/tac-dung-cua-loc-nhung-huou\/","og_site_name":"Cervifor","article_modified_time":"2021-04-29T20:30:33+00:00","twitter_card":"summary_large_image","twitter_misc":{"Dur\u00e9e de lecture estim\u00e9e":"7 minutes"},"schema":{"@context":"https:\/\/schema.org","@graph":[{"@type":"WebPage","@id":"https:\/\/cervifor.ca\/tac-dung-cua-loc-nhung-huou\/","url":"https:\/\/cervifor.ca\/tac-dung-cua-loc-nhung-huou\/","name":"Avantages | Cervifor","isPartOf":{"@id":"https:\/\/cervifor.ca\/#website"},"datePublished":"2018-09-29T11:50:57+00:00","dateModified":"2021-04-29T20:30:33+00:00","breadcrumb":{"@id":"https:\/\/cervifor.ca\/tac-dung-cua-loc-nhung-huou\/#breadcrumb"},"inLanguage":"fr-FR","potentialAction":[{"@type":"ReadAction","target":["https:\/\/cervifor.ca\/tac-dung-cua-loc-nhung-huou\/"]}]},{"@type":"BreadcrumbList","@id":"https:\/\/cervifor.ca\/tac-dung-cua-loc-nhung-huou\/#breadcrumb","itemListElement":[{"@type":"ListItem","position":1,"name":"Home","item":"https:\/\/cervifor.ca\/fr\/"},{"@type":"ListItem","position":2,"name":"Avantages"}]},{"@type":"WebSite","@id":"https:\/\/cervifor.ca\/#website","url":"https:\/\/cervifor.ca\/","name":"Cervifor","description":"L\u1ed9c Nhung H\u01b0\u01a1u 100% Nguy\u00ean Ch\u1ea5t - S\u1ea3n Ph\u1ea9m Canada","potentialAction":[{"@type":"SearchAction","target":{"@type":"EntryPoint","urlTemplate":"https:\/\/cervifor.ca\/?s={search_term_string}"},"query-input":{"@type":"PropertyValueSpecification","valueRequired":true,"valueName":"search_term_string"}}],"inLanguage":"fr-FR"}]}},"_links":{"self":[{"href":"https:\/\/cervifor.ca\/fr\/wp-json\/wp\/v2\/pages\/451","targetHints":{"allow":["GET"]}}],"collection":[{"href":"https:\/\/cervifor.ca\/fr\/wp-json\/wp\/v2\/pages"}],"about":[{"href":"https:\/\/cervifor.ca\/fr\/wp-json\/wp\/v2\/types\/page"}],"author":[{"embeddable":true,"href":"https:\/\/cervifor.ca\/fr\/wp-json\/wp\/v2\/users\/1"}],"replies":[{"embeddable":true,"href":"https:\/\/cervifor.ca\/fr\/wp-json\/wp\/v2\/comments?post=451"}],"version-history":[{"count":33,"href":"https:\/\/cervifor.ca\/fr\/wp-json\/wp\/v2\/pages\/451\/revisions"}],"predecessor-version":[{"id":1918,"href":"https:\/\/cervifor.ca\/fr\/wp-json\/wp\/v2\/pages\/451\/revisions\/1918"}],"wp:attachment":[{"href":"https:\/\/cervifor.ca\/fr\/wp-json\/wp\/v2\/media?parent=451"}],"curies":[{"name":"wp","href":"https:\/\/api.w.org\/{rel}","templated":true}]}}