{"id":453,"date":"2018-09-29T10:11:57","date_gmt":"2018-09-29T14:11:57","guid":{"rendered":"https:\/\/cervifor.ca\/lien-lac\/"},"modified":"2026-03-26T16:31:41","modified_gmt":"2026-03-26T20:31:41","slug":"contact","status":"publish","type":"page","link":"https:\/\/cervifor.ca\/fr\/contact\/","title":{"rendered":"Contact"},"content":{"rendered":"<div class=\"row row-full-width\"  id=\"row-222746920\"> \n\t<div id=\"col-847916004\" class=\"col small-12 large-12\"  >\n\t\t\t\t<div class=\"col-inner\"  >\n\t\t\t\n\t\t\t\r\n<p><iframe loading=\"lazy\" style=\"border: 0;\" src=\"https:\/\/www.google.com\/maps\/embed?pb=!1m18!1m12!1m3!1d2791.7226787771324!2d-73.52427588369777!3d45.596119379102795!2m3!1f0!2f0!3f0!3m2!1i1024!2i768!4f13.1!3m3!1m2!1s0x4cc91db821c55e51%3A0x6230d8ac9ac1ed8b!2s2412%20Rue%20Saint-%C3%89mile%2C%20Montr%C3%A9al%2C%20QC%20H1L%205M9!5e0!3m2!1sen!2sca!4v1616350793676!5m2!1sen!2sca\" width=\"100%\" height=\"400\" allowfullscreen=\"allowfullscreen\"><\/iframe><\/p>\r\n\t\t<\/div>\n\t\t\t\t\t<\/div>\n\n\t <\/div> <div class=\"row\"  id=\"row-571160856\"> \n\t<div id=\"col-265388221\" class=\"col small-12 large-12\"  >\n\t\t\t\t<div class=\"col-inner\"  >\n\t\t\t\n\t\t\t <div class=\"container section-title-container\" ><h1 class=\"section-title section-title-bold-center\"><b><\/b><span class=\"section-title-main\" style=\"color:rgb(0, 0, 0);\">Bureau Affili\u00e9<\/span><b><\/b><\/h1><\/div> \t<div id=\"text-2801811485\" class=\"text\">\n\t\t\r\n<p><span style=\"font-size: 115%;\">Pour tous les d\u00e9tails, veuillez contacter le Bureau Affili\u00e9, Mme Julie Xuan Huynh. <\/span><br \/><span style=\"font-size: 115%;\">Nous parlons vietnamien, anglais et fran\u00e7ais.<\/span><\/p>\r\n\t\t\n<style>\n#text-2801811485 {\n  text-align: center;\n}\n<\/style>\n\t<\/div>\n\t \t\t<\/div>\n\t\t\t\t\t<\/div>\n\n\t <\/div> <div class=\"row\"  id=\"row-329268720\"> \n\t<div id=\"col-1234926934\" class=\"col medium-6 large-6\"  >\n\t\t\t\t<div class=\"col-inner\"  >\n\t\t\t\n\t\t\t\r\n<p><span style=\"font-size: 130%; color: #000000;\"><strong>ADRESSE<\/strong><\/span><br \/><strong><span style=\"color: #000000;\">Mme JULIE XUAN HUYNH<\/span><\/strong><br \/>2412 Rue Saint \u00c9mile<br \/>Montr\u00e9al, Qu\u00e9bec H1L 5M9<br \/>Canada<br \/>T\u00e9l.: <span style=\"font-size: 120%; color: #000000;\"><b class=\"my-bold-text\">514-355-7194<\/b><\/span><br \/>Email : <span style=\"color: #000000;\"><strong>cervifor@yahoo.ca<\/strong><\/span><br \/>Site Web: <span style=\"color: #000000;\"><strong><a style=\"color: #000000;\" href=\"https:\/\/cervifor.ca\/\">www.cervifor.ca<\/a><\/strong><\/span><\/p>\r\n<p><span style=\"font-size: 130%; color: #000000;\"><b class=\"my-bold-text\">HEURES DE TRAVAIL<\/b><\/span><br \/><span style=\"color: #000000;\"><strong>7 Jours par Semaine: Lundi jusqu&rsquo;\u00e0 Dimanche<\/strong><\/span><br \/><span style=\"color: #000000;\"><strong>De 9 am \/ matin jusqu&rsquo;\u00e0 18 pm \/ soir<\/strong><\/span><\/p>\r\n\t\t<\/div>\n\t\t\t\t\t<\/div>\n\n\t \n\t<div id=\"col-160086563\" class=\"col medium-6 large-6\"  >\n\t\t\t\t<div class=\"col-inner\"  >\n\t\t\t\n\t\t\t \n<div class=\"wpcf7 no-js\" id=\"wpcf7-f1960-o1\" lang=\"vi-VN\" dir=\"ltr\" data-wpcf7-id=\"1960\">\n<div class=\"screen-reader-response\"><p role=\"status\" aria-live=\"polite\" aria-atomic=\"true\"><\/p> <ul><\/ul><\/div>\n<form action=\"\/fr\/wp-json\/wp\/v2\/pages\/453#wpcf7-f1960-o1\" method=\"post\" class=\"wpcf7-form init\" aria-label=\"Formulaire de contact\" novalidate=\"novalidate\" data-status=\"init\">\n<fieldset class=\"hidden-fields-container\"><input type=\"hidden\" name=\"_wpcf7\" value=\"1960\" \/><input type=\"hidden\" name=\"_wpcf7_version\" value=\"6.1.5\" \/><input type=\"hidden\" name=\"_wpcf7_locale\" value=\"vi_VN\" \/><input type=\"hidden\" name=\"_wpcf7_unit_tag\" value=\"wpcf7-f1960-o1\" \/><input type=\"hidden\" name=\"_wpcf7_container_post\" value=\"0\" \/><input type=\"hidden\" name=\"_wpcf7_posted_data_hash\" value=\"\" \/>\n<\/fieldset>\n<p><label> Votre Nom (required)<br \/>\n<span class=\"wpcf7-form-control-wrap\" data-name=\"your-name\"><input size=\"40\" maxlength=\"400\" class=\"wpcf7-form-control wpcf7-text wpcf7-validates-as-required\" aria-required=\"true\" aria-invalid=\"false\" value=\"\" type=\"text\" name=\"your-name\" \/><\/span> <\/label>\n<\/p>\n<p><label> Votre Email (required)<br \/>\n<span class=\"wpcf7-form-control-wrap\" data-name=\"your-email\"><input size=\"40\" maxlength=\"400\" class=\"wpcf7-form-control wpcf7-email wpcf7-validates-as-required wpcf7-text wpcf7-validates-as-email\" aria-required=\"true\" aria-invalid=\"false\" value=\"\" type=\"email\" name=\"your-email\" \/><\/span> <\/label>\n<\/p>\n<p><label> Votre Message<br \/>\n<span class=\"wpcf7-form-control-wrap\" data-name=\"your-message\"><textarea cols=\"40\" rows=\"10\" maxlength=\"2000\" class=\"wpcf7-form-control wpcf7-textarea\" aria-invalid=\"false\" name=\"your-message\"><\/textarea><\/span> <\/label>\n<\/p>\n<p><input class=\"wpcf7-form-control wpcf7-submit has-spinner\" type=\"submit\" value=\"Envoyer\" \/>\n<\/p><input type='hidden' class='wpcf7-pum' value='{\"closepopup\":false,\"closedelay\":0,\"openpopup\":false,\"openpopup_id\":0}' \/><div class=\"wpcf7-response-output\" aria-hidden=\"true\"><\/div>\n<\/form>\n<\/div>\n \t\t<\/div>\n\t\t\t\t\t<\/div>\n\n\t <\/div>","protected":false},"excerpt":{"rendered":"Bureau Affili\u00e9 Pour tous les d\u00e9tails, veuillez contacter le Bureau Affili\u00e9, Mme Julie Xuan Huynh. Nous parlons vietnamien, anglais et fran\u00e7ais. ADRESSEMme JULIE XUAN HUYNH2412 Rue Saint \u00c9mileMontr\u00e9al, Qu\u00e9bec H1L 5M9CanadaT\u00e9l.: 514-355-7194Email : cervifor@yahoo.caSite Web: www.cervifor.ca HEURES DE TRAVAIL7 Jours par Semaine: Lundi jusqu'\u00e0 DimancheDe 9 am \/ matin jusqu'\u00e0 18 pm \/ soir Votre [...]","protected":false},"author":1,"featured_media":0,"parent":0,"menu_order":0,"comment_status":"closed","ping_status":"closed","template":"page-blank.php","meta":{"footnotes":""},"class_list":["post-453","page","type-page","status-publish","hentry"],"yoast_head":"<!-- This site is optimized with the Yoast SEO plugin v26.9 - https:\/\/yoast.com\/product\/yoast-seo-wordpress\/ -->\n<title>Contact | Cervifor<\/title>\n<meta name=\"robots\" content=\"index, follow, max-snippet:-1, max-image-preview:large, max-video-preview:-1\" \/>\n<link rel=\"canonical\" href=\"https:\/\/cervifor.ca\/fr\/contact\/\" \/>\n<meta property=\"og:locale\" content=\"fr_FR\" \/>\n<meta property=\"og:type\" content=\"article\" \/>\n<meta property=\"og:title\" content=\"Contact | Cervifor\" \/>\n<meta property=\"og:url\" content=\"https:\/\/cervifor.ca\/fr\/contact\/\" \/>\n<meta property=\"og:site_name\" content=\"Cervifor\" \/>\n<meta property=\"article:modified_time\" content=\"2026-03-26T20:31:41+00:00\" \/>\n<meta name=\"twitter:card\" content=\"summary_large_image\" \/>\n<meta name=\"twitter:label1\" content=\"Dur\u00e9e de lecture estim\u00e9e\" \/>\n\t<meta name=\"twitter:data1\" content=\"1 minute\" \/>\n<script type=\"application\/ld+json\" class=\"yoast-schema-graph\">{\"@context\":\"https:\/\/schema.org\",\"@graph\":[{\"@type\":\"WebPage\",\"@id\":\"https:\/\/cervifor.ca\/fr\/contact\/\",\"url\":\"https:\/\/cervifor.ca\/fr\/contact\/\",\"name\":\"Contact | Cervifor\",\"isPartOf\":{\"@id\":\"https:\/\/cervifor.ca\/#website\"},\"datePublished\":\"2018-09-29T14:11:57+00:00\",\"dateModified\":\"2026-03-26T20:31:41+00:00\",\"breadcrumb\":{\"@id\":\"https:\/\/cervifor.ca\/fr\/contact\/#breadcrumb\"},\"inLanguage\":\"fr-FR\",\"potentialAction\":[{\"@type\":\"ReadAction\",\"target\":[\"https:\/\/cervifor.ca\/fr\/contact\/\"]}]},{\"@type\":\"BreadcrumbList\",\"@id\":\"https:\/\/cervifor.ca\/fr\/contact\/#breadcrumb\",\"itemListElement\":[{\"@type\":\"ListItem\",\"position\":1,\"name\":\"Home\",\"item\":\"https:\/\/cervifor.ca\/fr\/\"},{\"@type\":\"ListItem\",\"position\":2,\"name\":\"Contact\"}]},{\"@type\":\"WebSite\",\"@id\":\"https:\/\/cervifor.ca\/#website\",\"url\":\"https:\/\/cervifor.ca\/\",\"name\":\"Cervifor\",\"description\":\"L\u1ed9c Nhung H\u01b0\u01a1u 100% Nguy\u00ean Ch\u1ea5t - S\u1ea3n Ph\u1ea9m Canada\",\"potentialAction\":[{\"@type\":\"SearchAction\",\"target\":{\"@type\":\"EntryPoint\",\"urlTemplate\":\"https:\/\/cervifor.ca\/?s={search_term_string}\"},\"query-input\":{\"@type\":\"PropertyValueSpecification\",\"valueRequired\":true,\"valueName\":\"search_term_string\"}}],\"inLanguage\":\"fr-FR\"}]}<\/script>\n<!-- \/ Yoast SEO plugin. -->","yoast_head_json":{"title":"Contact | Cervifor","robots":{"index":"index","follow":"follow","max-snippet":"max-snippet:-1","max-image-preview":"max-image-preview:large","max-video-preview":"max-video-preview:-1"},"canonical":"https:\/\/cervifor.ca\/fr\/contact\/","og_locale":"fr_FR","og_type":"article","og_title":"Contact | Cervifor","og_url":"https:\/\/cervifor.ca\/fr\/contact\/","og_site_name":"Cervifor","article_modified_time":"2026-03-26T20:31:41+00:00","twitter_card":"summary_large_image","twitter_misc":{"Dur\u00e9e de lecture estim\u00e9e":"1 minute"},"schema":{"@context":"https:\/\/schema.org","@graph":[{"@type":"WebPage","@id":"https:\/\/cervifor.ca\/fr\/contact\/","url":"https:\/\/cervifor.ca\/fr\/contact\/","name":"Contact | Cervifor","isPartOf":{"@id":"https:\/\/cervifor.ca\/#website"},"datePublished":"2018-09-29T14:11:57+00:00","dateModified":"2026-03-26T20:31:41+00:00","breadcrumb":{"@id":"https:\/\/cervifor.ca\/fr\/contact\/#breadcrumb"},"inLanguage":"fr-FR","potentialAction":[{"@type":"ReadAction","target":["https:\/\/cervifor.ca\/fr\/contact\/"]}]},{"@type":"BreadcrumbList","@id":"https:\/\/cervifor.ca\/fr\/contact\/#breadcrumb","itemListElement":[{"@type":"ListItem","position":1,"name":"Home","item":"https:\/\/cervifor.ca\/fr\/"},{"@type":"ListItem","position":2,"name":"Contact"}]},{"@type":"WebSite","@id":"https:\/\/cervifor.ca\/#website","url":"https:\/\/cervifor.ca\/","name":"Cervifor","description":"L\u1ed9c Nhung H\u01b0\u01a1u 100% Nguy\u00ean Ch\u1ea5t - S\u1ea3n Ph\u1ea9m Canada","potentialAction":[{"@type":"SearchAction","target":{"@type":"EntryPoint","urlTemplate":"https:\/\/cervifor.ca\/?s={search_term_string}"},"query-input":{"@type":"PropertyValueSpecification","valueRequired":true,"valueName":"search_term_string"}}],"inLanguage":"fr-FR"}]}},"_links":{"self":[{"href":"https:\/\/cervifor.ca\/fr\/wp-json\/wp\/v2\/pages\/453","targetHints":{"allow":["GET"]}}],"collection":[{"href":"https:\/\/cervifor.ca\/fr\/wp-json\/wp\/v2\/pages"}],"about":[{"href":"https:\/\/cervifor.ca\/fr\/wp-json\/wp\/v2\/types\/page"}],"author":[{"embeddable":true,"href":"https:\/\/cervifor.ca\/fr\/wp-json\/wp\/v2\/users\/1"}],"replies":[{"embeddable":true,"href":"https:\/\/cervifor.ca\/fr\/wp-json\/wp\/v2\/comments?post=453"}],"version-history":[{"count":5,"href":"https:\/\/cervifor.ca\/fr\/wp-json\/wp\/v2\/pages\/453\/revisions"}],"predecessor-version":[{"id":2185,"href":"https:\/\/cervifor.ca\/fr\/wp-json\/wp\/v2\/pages\/453\/revisions\/2185"}],"wp:attachment":[{"href":"https:\/\/cervifor.ca\/fr\/wp-json\/wp\/v2\/media?parent=453"}],"curies":[{"name":"wp","href":"https:\/\/api.w.org\/{rel}","templated":true}]}}