{"id":964,"date":"2018-09-29T10:09:04","date_gmt":"2018-09-29T14:09:04","guid":{"rendered":"https:\/\/cervifor.ca\/hinh-anh\/"},"modified":"2021-04-26T17:56:26","modified_gmt":"2021-04-26T21:56:26","slug":"galerie","status":"publish","type":"page","link":"https:\/\/cervifor.ca\/fr\/galerie\/","title":{"rendered":"Galerie"},"content":{"rendered":"<div class=\"row row-full-width align-middle\"  id=\"row-2054313848\">\n\n\n\t<div id=\"col-358349643\" class=\"col small-12 large-12\"  >\n\t\t\t\t<div class=\"col-inner\"  >\n\t\t\t\n\t\t\t\n\n  <div id=\"page-header-720278363\" class=\"page-header-wrapper\">\n  <div class=\"page-title dark featured-title\">\n\n    \n    <div class=\"page-title-inner container align-center text-center flex-row-col medium-flex-wrap\" >\n              <div class=\"title-wrapper uppercase flex-col\">\n          <h1 class=\"entry-title mb-0\">\n            Galerie          <\/h1>\n        <\/div>\n                    <div class=\"title-content flex-col\">\n        <div class=\"title-breadcrumbs pb-half pt-half\"><nav class=\"woocommerce-breadcrumb breadcrumbs uppercase\">Accueil<\/nav><\/div>      <\/div>\n    <\/div>\n\n       <\/div>\n    <\/div>\n  \n\n\t<div id=\"gap-1979797911\" class=\"gap-element clearfix\" style=\"display:block; height:auto;\">\n\t\t\n<style>\n#gap-1979797911 {\n  padding-top: 30px;\n}\n<\/style>\n\t<\/div>\n\t\n\n\n\t\t<\/div>\n\t\t\t\t\t<\/div>\n\n\t\n\n<\/div>\n<div class=\"row\"  id=\"row-512834758\">\n\n\n\t<div id=\"col-1208597014\" class=\"col small-12 large-12\"  >\n\t\t\t\t<div class=\"col-inner\"  >\n\t\t\t\n\t\t\t\n\n<div class=\"container section-title-container\" ><h3 class=\"section-title section-title-Click to edit\"><b><\/b><span class=\"section-title-main\" >KIOSQUE DE CERVIFOR AU FESTIVAL DU T\u00caT 2015 \u00c0 MONTR\u00c9AL<\/span><b><\/b><\/h3><\/div>\n\n<p><img loading=\"lazy\" decoding=\"async\" class=\"alignleft size-full wp-image-812\" src=\"https:\/\/cervifor.ca\/wp-content\/uploads\/2021\/03\/Slogan-Cervifor-Kermess-Nouvel-An-VN-2015.jpg\" alt=\"\" width=\"1440\" height=\"1080\" srcset=\"https:\/\/cervifor.ca\/wp-content\/uploads\/2021\/03\/Slogan-Cervifor-Kermess-Nouvel-An-VN-2015.jpg 1440w, https:\/\/cervifor.ca\/wp-content\/uploads\/2021\/03\/Slogan-Cervifor-Kermess-Nouvel-An-VN-2015-300x225.jpg 300w, https:\/\/cervifor.ca\/wp-content\/uploads\/2021\/03\/Slogan-Cervifor-Kermess-Nouvel-An-VN-2015-1024x768.jpg 1024w, https:\/\/cervifor.ca\/wp-content\/uploads\/2021\/03\/Slogan-Cervifor-Kermess-Nouvel-An-VN-2015-768x576.jpg 768w, https:\/\/cervifor.ca\/wp-content\/uploads\/2021\/03\/Slogan-Cervifor-Kermess-Nouvel-An-VN-2015-510x383.jpg 510w, https:\/\/cervifor.ca\/wp-content\/uploads\/2021\/03\/Slogan-Cervifor-Kermess-Nouvel-An-VN-2015-80x60.jpg 80w, https:\/\/cervifor.ca\/wp-content\/uploads\/2021\/03\/Slogan-Cervifor-Kermess-Nouvel-An-VN-2015-120x90.jpg 120w\" sizes=\"auto, (max-width: 1440px) 100vw, 1440px\" \/><\/p>\n<p>\u00a0<\/p>\n<p><img loading=\"lazy\" decoding=\"async\" class=\"aligncenter wp-image-100 size-full\" src=\"https:\/\/cervifor.ca\/wp-content\/uploads\/2018\/09\/img-01.jpg\" alt=\"\" width=\"3264\" height=\"2448\" srcset=\"https:\/\/cervifor.ca\/wp-content\/uploads\/2018\/09\/img-01.jpg 3264w, https:\/\/cervifor.ca\/wp-content\/uploads\/2018\/09\/img-01-300x225.jpg 300w, https:\/\/cervifor.ca\/wp-content\/uploads\/2018\/09\/img-01-768x576.jpg 768w, https:\/\/cervifor.ca\/wp-content\/uploads\/2018\/09\/img-01-1024x768.jpg 1024w, https:\/\/cervifor.ca\/wp-content\/uploads\/2018\/09\/img-01-510x383.jpg 510w\" sizes=\"auto, (max-width: 3264px) 100vw, 3264px\" \/><\/p>\n<p><img loading=\"lazy\" decoding=\"async\" class=\"alignleft size-full wp-image-1835\" src=\"https:\/\/cervifor.ca\/wp-content\/uploads\/2021\/04\/10850163_895718697158232_4279261090564629154_n-Large.jpg\" alt=\"\" width=\"1440\" height=\"1080\" srcset=\"https:\/\/cervifor.ca\/wp-content\/uploads\/2021\/04\/10850163_895718697158232_4279261090564629154_n-Large.jpg 1440w, https:\/\/cervifor.ca\/wp-content\/uploads\/2021\/04\/10850163_895718697158232_4279261090564629154_n-Large-300x225.jpg 300w, https:\/\/cervifor.ca\/wp-content\/uploads\/2021\/04\/10850163_895718697158232_4279261090564629154_n-Large-1024x768.jpg 1024w, https:\/\/cervifor.ca\/wp-content\/uploads\/2021\/04\/10850163_895718697158232_4279261090564629154_n-Large-768x576.jpg 768w, https:\/\/cervifor.ca\/wp-content\/uploads\/2021\/04\/10850163_895718697158232_4279261090564629154_n-Large-510x383.jpg 510w, https:\/\/cervifor.ca\/wp-content\/uploads\/2021\/04\/10850163_895718697158232_4279261090564629154_n-Large-80x60.jpg 80w, https:\/\/cervifor.ca\/wp-content\/uploads\/2021\/04\/10850163_895718697158232_4279261090564629154_n-Large-120x90.jpg 120w\" sizes=\"auto, (max-width: 1440px) 100vw, 1440px\" \/><\/p>\n\n\t\t<\/div>\n\t\t\t\t\t<\/div>\n\n\t\n\n<\/div>\n\t<div id=\"gap-1400269909\" class=\"gap-element clearfix\" style=\"display:block; height:auto;\">\n\t\t\n<style>\n#gap-1400269909 {\n  padding-top: 30px;\n}\n<\/style>\n\t<\/div>\n\t\n\n<div class=\"row\"  id=\"row-66060815\">\n\n\n\t<div id=\"col-630886734\" class=\"col small-12 large-12\"  >\n\t\t\t\t<div class=\"col-inner\"  >\n\t\t\t\n\t\t\t\n\n<div class=\"container section-title-container\" ><h3 class=\"section-title section-title-Click to edit\"><b><\/b><span class=\"section-title-main\" >KIOSQUE DE CERVIFOR AU FESTIVAL DU T\u00caT 2014 \u00c0 MONTR\u00c9AL<\/span><b><\/b><\/h3><\/div>\n\n<p><img loading=\"lazy\" decoding=\"async\" class=\"aligncenter wp-image-101 size-full\" src=\"https:\/\/cervifor.ca\/wp-content\/uploads\/2018\/09\/img-02.jpg\" alt=\"\" width=\"3264\" height=\"2448\" srcset=\"https:\/\/cervifor.ca\/wp-content\/uploads\/2018\/09\/img-02.jpg 3264w, https:\/\/cervifor.ca\/wp-content\/uploads\/2018\/09\/img-02-300x225.jpg 300w, https:\/\/cervifor.ca\/wp-content\/uploads\/2018\/09\/img-02-768x576.jpg 768w, https:\/\/cervifor.ca\/wp-content\/uploads\/2018\/09\/img-02-1024x768.jpg 1024w, https:\/\/cervifor.ca\/wp-content\/uploads\/2018\/09\/img-02-510x383.jpg 510w\" sizes=\"auto, (max-width: 3264px) 100vw, 3264px\" \/><\/p>\n<p><img loading=\"lazy\" decoding=\"async\" class=\"aligncenter wp-image-102 size-full\" src=\"https:\/\/cervifor.ca\/wp-content\/uploads\/2018\/09\/img-03.jpg\" alt=\"\" width=\"3264\" height=\"2448\" srcset=\"https:\/\/cervifor.ca\/wp-content\/uploads\/2018\/09\/img-03.jpg 3264w, https:\/\/cervifor.ca\/wp-content\/uploads\/2018\/09\/img-03-300x225.jpg 300w, https:\/\/cervifor.ca\/wp-content\/uploads\/2018\/09\/img-03-768x576.jpg 768w, https:\/\/cervifor.ca\/wp-content\/uploads\/2018\/09\/img-03-1024x768.jpg 1024w, https:\/\/cervifor.ca\/wp-content\/uploads\/2018\/09\/img-03-510x383.jpg 510w\" sizes=\"auto, (max-width: 3264px) 100vw, 3264px\" \/><\/p>\n<p><img loading=\"lazy\" decoding=\"async\" class=\"aligncenter wp-image-1840\" src=\"https:\/\/cervifor.ca\/wp-content\/uploads\/2021\/04\/img-04.jpg\" alt=\"\" width=\"1920\" height=\"1440\" srcset=\"https:\/\/cervifor.ca\/wp-content\/uploads\/2021\/04\/img-04.jpg 960w, https:\/\/cervifor.ca\/wp-content\/uploads\/2021\/04\/img-04-300x225.jpg 300w, https:\/\/cervifor.ca\/wp-content\/uploads\/2021\/04\/img-04-768x576.jpg 768w, https:\/\/cervifor.ca\/wp-content\/uploads\/2021\/04\/img-04-510x383.jpg 510w, https:\/\/cervifor.ca\/wp-content\/uploads\/2021\/04\/img-04-80x60.jpg 80w, https:\/\/cervifor.ca\/wp-content\/uploads\/2021\/04\/img-04-120x90.jpg 120w\" sizes=\"auto, (max-width: 1920px) 100vw, 1920px\" \/><\/p>\n\n\t\t<\/div>\n\t\t\t\t\t<\/div>\n\n\t\n\n<\/div>\n\t<div id=\"gap-1569926223\" class=\"gap-element clearfix\" style=\"display:block; height:auto;\">\n\t\t\n<style>\n#gap-1569926223 {\n  padding-top: 50px;\n}\n<\/style>\n\t<\/div>\n\t","protected":false},"excerpt":{"rendered":"Galerie Accueil KIOSQUE DE CERVIFOR AU FESTIVAL DU T\u00caT 2015 \u00c0 MONTR\u00c9AL \u00a0 KIOSQUE DE CERVIFOR AU FESTIVAL DU T\u00caT 2014 \u00c0 MONTR\u00c9AL","protected":false},"author":1,"featured_media":0,"parent":0,"menu_order":0,"comment_status":"closed","ping_status":"closed","template":"page-blank.php","meta":{"footnotes":""},"class_list":["post-964","page","type-page","status-publish","hentry"],"yoast_head":"<!-- This site is optimized with the Yoast SEO plugin v26.9 - https:\/\/yoast.com\/product\/yoast-seo-wordpress\/ -->\n<title>Galerie | Cervifor<\/title>\n<meta name=\"robots\" content=\"index, follow, max-snippet:-1, max-image-preview:large, max-video-preview:-1\" \/>\n<link rel=\"canonical\" href=\"https:\/\/cervifor.ca\/hinh-anh\/\" \/>\n<meta property=\"og:locale\" content=\"fr_FR\" \/>\n<meta property=\"og:type\" content=\"article\" \/>\n<meta property=\"og:title\" content=\"Galerie | Cervifor\" \/>\n<meta property=\"og:url\" content=\"https:\/\/cervifor.ca\/hinh-anh\/\" \/>\n<meta property=\"og:site_name\" content=\"Cervifor\" \/>\n<meta property=\"article:modified_time\" content=\"2021-04-26T21:56:26+00:00\" \/>\n<meta property=\"og:image\" content=\"https:\/\/cervifor.ca\/wp-content\/uploads\/2021\/03\/Slogan-Cervifor-Kermess-Nouvel-An-VN-2015.jpg\" \/>\n<meta name=\"twitter:card\" content=\"summary_large_image\" \/>\n<meta name=\"twitter:label1\" content=\"Dur\u00e9e de lecture estim\u00e9e\" \/>\n\t<meta name=\"twitter:data1\" content=\"2 minutes\" \/>\n<script type=\"application\/ld+json\" class=\"yoast-schema-graph\">{\"@context\":\"https:\/\/schema.org\",\"@graph\":[{\"@type\":\"WebPage\",\"@id\":\"https:\/\/cervifor.ca\/hinh-anh\/\",\"url\":\"https:\/\/cervifor.ca\/hinh-anh\/\",\"name\":\"Galerie | Cervifor\",\"isPartOf\":{\"@id\":\"https:\/\/cervifor.ca\/#website\"},\"primaryImageOfPage\":{\"@id\":\"https:\/\/cervifor.ca\/hinh-anh\/#primaryimage\"},\"image\":{\"@id\":\"https:\/\/cervifor.ca\/hinh-anh\/#primaryimage\"},\"thumbnailUrl\":\"https:\/\/cervifor.ca\/wp-content\/uploads\/2021\/03\/Slogan-Cervifor-Kermess-Nouvel-An-VN-2015.jpg\",\"datePublished\":\"2018-09-29T14:09:04+00:00\",\"dateModified\":\"2021-04-26T21:56:26+00:00\",\"breadcrumb\":{\"@id\":\"https:\/\/cervifor.ca\/hinh-anh\/#breadcrumb\"},\"inLanguage\":\"fr-FR\",\"potentialAction\":[{\"@type\":\"ReadAction\",\"target\":[\"https:\/\/cervifor.ca\/hinh-anh\/\"]}]},{\"@type\":\"ImageObject\",\"inLanguage\":\"fr-FR\",\"@id\":\"https:\/\/cervifor.ca\/hinh-anh\/#primaryimage\",\"url\":\"https:\/\/cervifor.ca\/wp-content\/uploads\/2021\/03\/Slogan-Cervifor-Kermess-Nouvel-An-VN-2015.jpg\",\"contentUrl\":\"https:\/\/cervifor.ca\/wp-content\/uploads\/2021\/03\/Slogan-Cervifor-Kermess-Nouvel-An-VN-2015.jpg\"},{\"@type\":\"BreadcrumbList\",\"@id\":\"https:\/\/cervifor.ca\/hinh-anh\/#breadcrumb\",\"itemListElement\":[{\"@type\":\"ListItem\",\"position\":1,\"name\":\"Home\",\"item\":\"https:\/\/cervifor.ca\/fr\/\"},{\"@type\":\"ListItem\",\"position\":2,\"name\":\"Galerie\"}]},{\"@type\":\"WebSite\",\"@id\":\"https:\/\/cervifor.ca\/#website\",\"url\":\"https:\/\/cervifor.ca\/\",\"name\":\"Cervifor\",\"description\":\"L\u1ed9c Nhung H\u01b0\u01a1u 100% Nguy\u00ean Ch\u1ea5t - S\u1ea3n Ph\u1ea9m Canada\",\"potentialAction\":[{\"@type\":\"SearchAction\",\"target\":{\"@type\":\"EntryPoint\",\"urlTemplate\":\"https:\/\/cervifor.ca\/?s={search_term_string}\"},\"query-input\":{\"@type\":\"PropertyValueSpecification\",\"valueRequired\":true,\"valueName\":\"search_term_string\"}}],\"inLanguage\":\"fr-FR\"}]}<\/script>\n<!-- \/ Yoast SEO plugin. -->","yoast_head_json":{"title":"Galerie | Cervifor","robots":{"index":"index","follow":"follow","max-snippet":"max-snippet:-1","max-image-preview":"max-image-preview:large","max-video-preview":"max-video-preview:-1"},"canonical":"https:\/\/cervifor.ca\/hinh-anh\/","og_locale":"fr_FR","og_type":"article","og_title":"Galerie | Cervifor","og_url":"https:\/\/cervifor.ca\/hinh-anh\/","og_site_name":"Cervifor","article_modified_time":"2021-04-26T21:56:26+00:00","og_image":[{"url":"https:\/\/cervifor.ca\/wp-content\/uploads\/2021\/03\/Slogan-Cervifor-Kermess-Nouvel-An-VN-2015.jpg","type":"","width":"","height":""}],"twitter_card":"summary_large_image","twitter_misc":{"Dur\u00e9e de lecture estim\u00e9e":"2 minutes"},"schema":{"@context":"https:\/\/schema.org","@graph":[{"@type":"WebPage","@id":"https:\/\/cervifor.ca\/hinh-anh\/","url":"https:\/\/cervifor.ca\/hinh-anh\/","name":"Galerie | Cervifor","isPartOf":{"@id":"https:\/\/cervifor.ca\/#website"},"primaryImageOfPage":{"@id":"https:\/\/cervifor.ca\/hinh-anh\/#primaryimage"},"image":{"@id":"https:\/\/cervifor.ca\/hinh-anh\/#primaryimage"},"thumbnailUrl":"https:\/\/cervifor.ca\/wp-content\/uploads\/2021\/03\/Slogan-Cervifor-Kermess-Nouvel-An-VN-2015.jpg","datePublished":"2018-09-29T14:09:04+00:00","dateModified":"2021-04-26T21:56:26+00:00","breadcrumb":{"@id":"https:\/\/cervifor.ca\/hinh-anh\/#breadcrumb"},"inLanguage":"fr-FR","potentialAction":[{"@type":"ReadAction","target":["https:\/\/cervifor.ca\/hinh-anh\/"]}]},{"@type":"ImageObject","inLanguage":"fr-FR","@id":"https:\/\/cervifor.ca\/hinh-anh\/#primaryimage","url":"https:\/\/cervifor.ca\/wp-content\/uploads\/2021\/03\/Slogan-Cervifor-Kermess-Nouvel-An-VN-2015.jpg","contentUrl":"https:\/\/cervifor.ca\/wp-content\/uploads\/2021\/03\/Slogan-Cervifor-Kermess-Nouvel-An-VN-2015.jpg"},{"@type":"BreadcrumbList","@id":"https:\/\/cervifor.ca\/hinh-anh\/#breadcrumb","itemListElement":[{"@type":"ListItem","position":1,"name":"Home","item":"https:\/\/cervifor.ca\/fr\/"},{"@type":"ListItem","position":2,"name":"Galerie"}]},{"@type":"WebSite","@id":"https:\/\/cervifor.ca\/#website","url":"https:\/\/cervifor.ca\/","name":"Cervifor","description":"L\u1ed9c Nhung H\u01b0\u01a1u 100% Nguy\u00ean Ch\u1ea5t - S\u1ea3n Ph\u1ea9m Canada","potentialAction":[{"@type":"SearchAction","target":{"@type":"EntryPoint","urlTemplate":"https:\/\/cervifor.ca\/?s={search_term_string}"},"query-input":{"@type":"PropertyValueSpecification","valueRequired":true,"valueName":"search_term_string"}}],"inLanguage":"fr-FR"}]}},"_links":{"self":[{"href":"https:\/\/cervifor.ca\/fr\/wp-json\/wp\/v2\/pages\/964","targetHints":{"allow":["GET"]}}],"collection":[{"href":"https:\/\/cervifor.ca\/fr\/wp-json\/wp\/v2\/pages"}],"about":[{"href":"https:\/\/cervifor.ca\/fr\/wp-json\/wp\/v2\/types\/page"}],"author":[{"embeddable":true,"href":"https:\/\/cervifor.ca\/fr\/wp-json\/wp\/v2\/users\/1"}],"replies":[{"embeddable":true,"href":"https:\/\/cervifor.ca\/fr\/wp-json\/wp\/v2\/comments?post=964"}],"version-history":[{"count":8,"href":"https:\/\/cervifor.ca\/fr\/wp-json\/wp\/v2\/pages\/964\/revisions"}],"predecessor-version":[{"id":1843,"href":"https:\/\/cervifor.ca\/fr\/wp-json\/wp\/v2\/pages\/964\/revisions\/1843"}],"wp:attachment":[{"href":"https:\/\/cervifor.ca\/fr\/wp-json\/wp\/v2\/media?parent=964"}],"curies":[{"name":"wp","href":"https:\/\/api.w.org\/{rel}","templated":true}]}}